{"id":89,"date":"2011-01-27T22:32:55","date_gmt":"2011-01-27T21:32:55","guid":{"rendered":"http:\/\/kapelanatruc.cz\/?page_id=89"},"modified":"2012-11-08T20:01:42","modified_gmt":"2012-11-08T19:01:42","slug":"vzkazy","status":"publish","type":"page","link":"https:\/\/kapelanatruc.cz\/?page_id=89","title":{"rendered":"Vzkazy"},"content":{"rendered":"<p>Chcete n\u00e1m n\u011bco napsat? Tak tady je to spr\u00e1vn\u00e9 m\u00edsto.<\/p>\n<p>Nezapome\u0148te ve formul\u00e1\u0159i vyplnit jm\u00e9no, e-mail a odpov\u011b\u010f na mal\u00fd po\u010detn\u00ed p\u0159\u00edklad, kter\u00fd slou\u017e\u00ed jako ochrana proti spamu. Vypl\u0148uje se v\u017edy jedna nebo dv\u011b \u010d\u00edslice.<\/p>\n","protected":false},"excerpt":{"rendered":"<p>Chcete n\u00e1m n\u011bco napsat? Tak tady je to spr\u00e1vn\u00e9 m\u00edsto. Nezapome\u0148te ve formul\u00e1\u0159i vyplnit jm\u00e9no, e-mail a odpov\u011b\u010f na mal\u00fd po\u010detn\u00ed p\u0159\u00edklad, kter\u00fd slou\u017e\u00ed jako ochrana proti spamu. Vypl\u0148uje se v\u017edy jedna nebo dv\u011b \u010d\u00edslice.<\/p>\n","protected":false},"author":2,"featured_media":0,"parent":0,"menu_order":5,"comment_status":"open","ping_status":"open","template":"","meta":[],"_links":{"self":[{"href":"https:\/\/kapelanatruc.cz\/index.php?rest_route=\/wp\/v2\/pages\/89"}],"collection":[{"href":"https:\/\/kapelanatruc.cz\/index.php?rest_route=\/wp\/v2\/pages"}],"about":[{"href":"https:\/\/kapelanatruc.cz\/index.php?rest_route=\/wp\/v2\/types\/page"}],"author":[{"embeddable":true,"href":"https:\/\/kapelanatruc.cz\/index.php?rest_route=\/wp\/v2\/users\/2"}],"replies":[{"embeddable":true,"href":"https:\/\/kapelanatruc.cz\/index.php?rest_route=%2Fwp%2Fv2%2Fcomments&post=89"}],"version-history":[{"count":4,"href":"https:\/\/kapelanatruc.cz\/index.php?rest_route=\/wp\/v2\/pages\/89\/revisions"}],"predecessor-version":[{"id":538,"href":"https:\/\/kapelanatruc.cz\/index.php?rest_route=\/wp\/v2\/pages\/89\/revisions\/538"}],"wp:attachment":[{"href":"https:\/\/kapelanatruc.cz\/index.php?rest_route=%2Fwp%2Fv2%2Fmedia&parent=89"}],"curies":[{"name":"wp","href":"https:\/\/api.w.org\/{rel}","templated":true}]}}