{"id":174,"date":"2011-02-08T21:31:23","date_gmt":"2011-02-08T20:31:23","guid":{"rendered":"http:\/\/kapelanatruc.cz\/?page_id=174"},"modified":"2023-03-07T16:49:22","modified_gmt":"2023-03-07T15:49:22","slug":"ahoj-vsichni","status":"publish","type":"page","link":"https:\/\/kapelanatruc.cz\/","title":{"rendered":"Ahoj v\u0161ichni!"},"content":{"rendered":"<section id=\"pt_pb_section__1_1483010277\" class=\"quest-row \" style=\"background-attachment: fixed; background-color: #ffffff; padding-top: 30px; padding-bottom: 30px; border-top-width: 0px; border-bottom-width: 0px; border-top-color: #e5e5e5; border-bottom-color: #e5e5e5;\">\n<div class=\"container\">\n<div class=\"row  \" style=\"padding-top: 0px; padding-bottom: 0px;\">\n<div class=\"col-md-12 \" style=\"border-left-width: 0px; border-right-width: 0px;\">\n<div class=\"quest-col-wrap\">\n<div class=\"quest-module-wrap \" style=\"margin-bottom: 20px; padding: 0px;\" data-wow-delay=\"200ms\">\n<div class=\"module-text\">\n<p style=\"text-align: center;\">Ahoj v\u0161ichni!<\/p>\n<p style=\"text-align: justify;\">V\u00edtejte na str\u00e1nk\u00e1ch kapely Natruc! Jsme \u0161esti\u010dlenn\u00e1 kapela ze severn\u00edch \u010cech, kter\u00e1 V\u00e1m r\u00e1da zahraje na tane\u010dn\u00ed z\u00e1bav\u011b, plese, svatb\u011b nebo rodinn\u00e9 oslav\u011b. V\u00edce informac\u00ed o na\u0161\u00ed kapele najdete v sekci \u201eO kapele\u201c.<\/p>\n<\/div>\n<\/div>\n<\/div>\n<\/div>\n<\/div>\n<\/div>\n<div class=\"container\">\n<div class=\"row  \" style=\"padding-top: 0px; padding-bottom: 0px;\">\n<div class=\"meta-slider-wrapper \"><\/span><\/div>\n<\/div>\n<div><a href=\"http:\/\/kapelanatruc.cz\/wp-content\/uploads\/15B361BF-DDCE-4466-9A65-BB9AF7E91CC7-scaled.jpeg\"><img loading=\"lazy\" class=\"aligncenter wp-image-1314 size-full\" src=\"http:\/\/kapelanatruc.cz\/wp-content\/uploads\/15B361BF-DDCE-4466-9A65-BB9AF7E91CC7-scaled.jpeg\" alt=\"\" width=\"2560\" height=\"2004\" srcset=\"https:\/\/kapelanatruc.cz\/wp-content\/uploads\/15B361BF-DDCE-4466-9A65-BB9AF7E91CC7-scaled.jpeg 2560w, https:\/\/kapelanatruc.cz\/wp-content\/uploads\/15B361BF-DDCE-4466-9A65-BB9AF7E91CC7-300x235.jpeg 300w, https:\/\/kapelanatruc.cz\/wp-content\/uploads\/15B361BF-DDCE-4466-9A65-BB9AF7E91CC7-1024x802.jpeg 1024w, https:\/\/kapelanatruc.cz\/wp-content\/uploads\/15B361BF-DDCE-4466-9A65-BB9AF7E91CC7-768x601.jpeg 768w, https:\/\/kapelanatruc.cz\/wp-content\/uploads\/15B361BF-DDCE-4466-9A65-BB9AF7E91CC7-1536x1203.jpeg 1536w, https:\/\/kapelanatruc.cz\/wp-content\/uploads\/15B361BF-DDCE-4466-9A65-BB9AF7E91CC7-2048x1603.jpeg 2048w\" sizes=\"(max-width: 2560px) 100vw, 2560px\" \/><\/a><\/div>\n<\/div>\n<div class=\"container\">\n<div class=\"row  \" style=\"padding-top: 0px; padding-bottom: 0px;\">\n<div class=\"col-md-12 \" style=\"border-left-width: 0px; border-right-width: 0px;\">\n<div class=\"quest-col-wrap\">\n<div class=\"quest-module-wrap \" style=\"margin-bottom: 20px; padding: 0px;\" data-wow-delay=\"200ms\">\n<div class=\"module-text\">\n<p style=\"text-align: right;\">\n<div class=\"fb-like\" data-href=\"https:\/\/www.facebook.com\/Kapela-Natruc-190922817603846\/?fref=ts\" data-width=\"100\" data-layout=\"standard\" data-action=\"like\" data-show-faces=\"true\" data-share=\"true\"><\/div>\n<\/div>\n<\/div>\n<\/div>\n<\/div>\n<\/div>\n<\/div>\n<\/section>\n<p><!--more--><\/p>\n","protected":false},"excerpt":{"rendered":"<p>Ahoj v\u0161ichni! V\u00edtejte na str\u00e1nk\u00e1ch kapely Natruc! Jsme \u0161esti\u010dlenn\u00e1 kapela ze severn\u00edch \u010cech, kter\u00e1 V\u00e1m r\u00e1da zahraje na tane\u010dn\u00ed z\u00e1bav\u011b, plese, svatb\u011b nebo rodinn\u00e9 oslav\u011b. V\u00edce informac\u00ed o na\u0161\u00ed kapele najdete v sekci \u201eO kapele\u201c.<\/p>\n","protected":false},"author":1,"featured_media":0,"parent":0,"menu_order":0,"comment_status":"closed","ping_status":"closed","template":"page-builder.php","meta":[],"_links":{"self":[{"href":"https:\/\/kapelanatruc.cz\/index.php?rest_route=\/wp\/v2\/pages\/174"}],"collection":[{"href":"https:\/\/kapelanatruc.cz\/index.php?rest_route=\/wp\/v2\/pages"}],"about":[{"href":"https:\/\/kapelanatruc.cz\/index.php?rest_route=\/wp\/v2\/types\/page"}],"author":[{"embeddable":true,"href":"https:\/\/kapelanatruc.cz\/index.php?rest_route=\/wp\/v2\/users\/1"}],"replies":[{"embeddable":true,"href":"https:\/\/kapelanatruc.cz\/index.php?rest_route=%2Fwp%2Fv2%2Fcomments&post=174"}],"version-history":[{"count":32,"href":"https:\/\/kapelanatruc.cz\/index.php?rest_route=\/wp\/v2\/pages\/174\/revisions"}],"predecessor-version":[{"id":1317,"href":"https:\/\/kapelanatruc.cz\/index.php?rest_route=\/wp\/v2\/pages\/174\/revisions\/1317"}],"wp:attachment":[{"href":"https:\/\/kapelanatruc.cz\/index.php?rest_route=%2Fwp%2Fv2%2Fmedia&parent=174"}],"curies":[{"name":"wp","href":"https:\/\/api.w.org\/{rel}","templated":true}]}}