{"id":104,"date":"2011-01-28T17:04:29","date_gmt":"2011-01-28T16:04:29","guid":{"rendered":"http:\/\/kapelanatruc.cz\/?page_id=104"},"modified":"2023-03-07T10:18:21","modified_gmt":"2023-03-07T09:18:21","slug":"clenove","status":"publish","type":"page","link":"https:\/\/kapelanatruc.cz\/?page_id=104","title":{"rendered":"\u010clenov\u00e9"},"content":{"rendered":"<section id=\"pt_pb_section__1_1483010209\" class=\"quest-row \" style=\"background-attachment: fixed; background-color: #ffffff; padding-top: 30px; padding-bottom: 30px; border-top-width: 0px; border-bottom-width: 0px; border-top-color: #e5e5e5; border-bottom-color: #e5e5e5;\">\n<div class=\"container\">\n<div class=\"row  \" style=\"padding-top: 0px; padding-bottom: 0px;\">\n<div class=\"col-md-4 \" style=\"border-left-width: 0px; border-right-width: 0px;\">\n<div class=\"quest-col-wrap\">\n<div class=\"quest-module-wrap  wow zoomIn\" style=\"margin-bottom: 20px; padding: 0px;\" data-wow-delay=\"200ms\">\n<div class=\"module-text\">\n<p style=\"text-align: center;\"><strong>Dan<\/strong><\/p>\n<p style=\"text-align: center;\"><span style=\"font-size: inherit;\">Saxofonista, klarinetista<\/span><\/p>\n<\/div>\n<\/div>\n<\/div>\n<div class=\"quest-col-wrap\">\n<div class=\"quest-module-wrap  wow zoomIn\" style=\"margin-bottom: 20px; padding: 0px;\" data-wow-delay=\"200ms\">\n<div class=\"module-text\">\n<p><a href=\"http:\/\/kapelanatruc.cz\/wp-content\/uploads\/AB456274-2A27-476B-9951-C9AA44157216-scaled.jpeg\"><img loading=\"lazy\" class=\"aligncenter wp-image-1301 size-thumbnail\" src=\"http:\/\/kapelanatruc.cz\/wp-content\/uploads\/AB456274-2A27-476B-9951-C9AA44157216-150x150.jpeg\" alt=\"\" width=\"150\" height=\"150\" srcset=\"https:\/\/kapelanatruc.cz\/wp-content\/uploads\/AB456274-2A27-476B-9951-C9AA44157216-150x150.jpeg 150w, https:\/\/kapelanatruc.cz\/wp-content\/uploads\/AB456274-2A27-476B-9951-C9AA44157216-420x420.jpeg 420w\" sizes=\"(max-width: 150px) 100vw, 150px\" \/><\/a><\/p>\n<\/div>\n<\/div>\n<\/div>\n<\/div>\n<\/div>\n<\/div>\n<div class=\"container\">\n<div class=\"row  \" style=\"padding-top: 0px; padding-bottom: 0px;\">\n<div class=\"col-md-4 \" style=\"border-left-width: 0px; border-right-width: 0px;\">\n<div class=\"quest-col-wrap\">\n<div class=\"quest-module-wrap  wow zoomIn\" style=\"margin-bottom: 20px; padding: 0px;\" data-wow-delay=\"200ms\">\n<div class=\"module-text\">\n<p style=\"text-align: center;\"><strong>Jirka<\/strong><\/p>\n<p style=\"text-align: center;\">Zp\u011bv\u00e1k, kytarista<\/p>\n<\/div>\n<\/div>\n<div class=\"quest-module-wrap  wow zoomIn\" style=\"margin-bottom: 20px; padding: 0px;\" data-wow-delay=\"200ms\">\n<figure style=\"text-align: left;\"><a href=\"http:\/\/kapelanatruc.cz\/wp-content\/uploads\/50A86035-5C25-453B-BFA4-EEDF1AE6435E-scaled.jpeg\"><img loading=\"lazy\" class=\"aligncenter wp-image-1307 size-thumbnail\" src=\"http:\/\/kapelanatruc.cz\/wp-content\/uploads\/50A86035-5C25-453B-BFA4-EEDF1AE6435E-150x150.jpeg\" alt=\"\" width=\"150\" height=\"150\" srcset=\"https:\/\/kapelanatruc.cz\/wp-content\/uploads\/50A86035-5C25-453B-BFA4-EEDF1AE6435E-150x150.jpeg 150w, https:\/\/kapelanatruc.cz\/wp-content\/uploads\/50A86035-5C25-453B-BFA4-EEDF1AE6435E-420x420.jpeg 420w\" sizes=\"(max-width: 150px) 100vw, 150px\" \/><\/a><\/figure>\n<\/div>\n<\/div>\n<\/div>\n<div class=\"col-md-4 \" style=\"border-left-width: 0px; border-right-width: 0px;\">\n<div class=\"quest-col-wrap\">\n<div class=\"quest-module-wrap  wow zoomIn\" style=\"margin-bottom: 20px; padding: 0px;\" data-wow-delay=\"400ms\">\n<div class=\"module-text\">\n<p style=\"text-align: center;\"><strong>Petra<\/strong><\/p>\n<p style=\"text-align: center;\">Zp\u011bva\u010dka, kl\u00e1vesistka<\/p>\n<\/div>\n<\/div>\n<div class=\"quest-module-wrap  wow zoomIn\" style=\"margin-bottom: 20px; padding: 0px;\" data-wow-delay=\"400ms\">\n<figure style=\"text-align: left;\"><a href=\"http:\/\/kapelanatruc.cz\/wp-content\/uploads\/8E6FCC81-16A2-49EB-BE64-D8783CD523DA-scaled.jpeg\"><img loading=\"lazy\" class=\"aligncenter wp-image-1300 size-thumbnail\" src=\"http:\/\/kapelanatruc.cz\/wp-content\/uploads\/8E6FCC81-16A2-49EB-BE64-D8783CD523DA-150x150.jpeg\" alt=\"\" width=\"150\" height=\"150\" srcset=\"https:\/\/kapelanatruc.cz\/wp-content\/uploads\/8E6FCC81-16A2-49EB-BE64-D8783CD523DA-150x150.jpeg 150w, https:\/\/kapelanatruc.cz\/wp-content\/uploads\/8E6FCC81-16A2-49EB-BE64-D8783CD523DA-420x420.jpeg 420w\" sizes=\"(max-width: 150px) 100vw, 150px\" \/><\/a><\/figure>\n<\/div>\n<\/div>\n<\/div>\n<div class=\"col-md-4 \" style=\"border-left-width: 0px; border-right-width: 0px;\">\n<div class=\"quest-col-wrap\">\n<div class=\"quest-module-wrap  wow zoomIn\" style=\"margin-bottom: 20px; padding: 0px;\" data-wow-delay=\"600ms\">\n<div class=\"module-text\">\n<p style=\"text-align: center;\"><strong>Sebastian<\/strong><\/p>\n<p style=\"text-align: center;\">Buben\u00edk<\/p>\n<\/div>\n<\/div>\n<div class=\"quest-module-wrap  wow zoomIn\" style=\"margin-bottom: 20px; padding: 0px;\" data-wow-delay=\"600ms\">\n<figure style=\"text-align: left;\"><a href=\"http:\/\/kapelanatruc.cz\/wp-content\/uploads\/71E6AEE2-6C63-4E6C-9E1C-9A4DF2970829-scaled.jpeg\"><img loading=\"lazy\" class=\"aligncenter wp-image-1297 size-thumbnail\" src=\"http:\/\/kapelanatruc.cz\/wp-content\/uploads\/71E6AEE2-6C63-4E6C-9E1C-9A4DF2970829-150x150.jpeg\" alt=\"\" width=\"150\" height=\"150\" srcset=\"https:\/\/kapelanatruc.cz\/wp-content\/uploads\/71E6AEE2-6C63-4E6C-9E1C-9A4DF2970829-150x150.jpeg 150w, https:\/\/kapelanatruc.cz\/wp-content\/uploads\/71E6AEE2-6C63-4E6C-9E1C-9A4DF2970829-420x420.jpeg 420w\" sizes=\"(max-width: 150px) 100vw, 150px\" \/><\/a><\/figure>\n<\/div>\n<\/div>\n<p style=\"text-align: center;\"><strong>Tom\u00e1\u0161<\/strong><\/p>\n<p style=\"text-align: center;\">Baskytarista<\/p>\n<p style=\"text-align: center;\"><a href=\"http:\/\/kapelanatruc.cz\/wp-content\/uploads\/6AD2EC1D-9D3E-4E02-9E83-C79F71FE9C01-scaled.jpeg\"><img loading=\"lazy\" class=\"aligncenter wp-image-1306 size-thumbnail\" src=\"http:\/\/kapelanatruc.cz\/wp-content\/uploads\/6AD2EC1D-9D3E-4E02-9E83-C79F71FE9C01-150x150.jpeg\" alt=\"\" width=\"150\" height=\"150\" srcset=\"https:\/\/kapelanatruc.cz\/wp-content\/uploads\/6AD2EC1D-9D3E-4E02-9E83-C79F71FE9C01-150x150.jpeg 150w, https:\/\/kapelanatruc.cz\/wp-content\/uploads\/6AD2EC1D-9D3E-4E02-9E83-C79F71FE9C01-420x420.jpeg 420w\" sizes=\"(max-width: 150px) 100vw, 150px\" \/><\/a><br \/>\n<b><\/b><\/p>\n<p style=\"text-align: center;\"><b>Vlasta<\/b><a href=\"http:\/\/kapelanatruc.cz\/wp-content\/uploads\/Bez-nazvu.jpg\"><br \/>\n<\/a><\/p>\n<p style=\"text-align: center;\">Trumpetista, kytarista, zp\u011bv\u00e1k, kapeln\u00edk<\/p>\n<p style=\"text-align: center;\"><a href=\"http:\/\/kapelanatruc.cz\/wp-content\/uploads\/EA37D829-4721-4DA2-A60F-D9432A84A4D1-scaled.jpeg\"><img loading=\"lazy\" class=\"aligncenter wp-image-1304 size-thumbnail\" src=\"http:\/\/kapelanatruc.cz\/wp-content\/uploads\/EA37D829-4721-4DA2-A60F-D9432A84A4D1-150x150.jpeg\" alt=\"\" width=\"150\" height=\"150\" srcset=\"https:\/\/kapelanatruc.cz\/wp-content\/uploads\/EA37D829-4721-4DA2-A60F-D9432A84A4D1-150x150.jpeg 150w, https:\/\/kapelanatruc.cz\/wp-content\/uploads\/EA37D829-4721-4DA2-A60F-D9432A84A4D1-420x420.jpeg 420w\" sizes=\"(max-width: 150px) 100vw, 150px\" \/><\/a><\/p>\n<\/div>\n<\/div>\n<\/div>\n<\/section>\n","protected":false},"excerpt":{"rendered":"<p>Dan Saxofonista, klarinetista Jirka Zp\u011bv\u00e1k, kytarista Petra Zp\u011bva\u010dka, kl\u00e1vesistka Sebastian Buben\u00edk Tom\u00e1\u0161 Baskytarista Vlasta Trumpetista, kytarista, zp\u011bv\u00e1k, kapeln\u00edk<\/p>\n","protected":false},"author":1,"featured_media":0,"parent":0,"menu_order":0,"comment_status":"closed","ping_status":"closed","template":"page-builder.php","meta":[],"_links":{"self":[{"href":"https:\/\/kapelanatruc.cz\/index.php?rest_route=\/wp\/v2\/pages\/104"}],"collection":[{"href":"https:\/\/kapelanatruc.cz\/index.php?rest_route=\/wp\/v2\/pages"}],"about":[{"href":"https:\/\/kapelanatruc.cz\/index.php?rest_route=\/wp\/v2\/types\/page"}],"author":[{"embeddable":true,"href":"https:\/\/kapelanatruc.cz\/index.php?rest_route=\/wp\/v2\/users\/1"}],"replies":[{"embeddable":true,"href":"https:\/\/kapelanatruc.cz\/index.php?rest_route=%2Fwp%2Fv2%2Fcomments&post=104"}],"version-history":[{"count":78,"href":"https:\/\/kapelanatruc.cz\/index.php?rest_route=\/wp\/v2\/pages\/104\/revisions"}],"predecessor-version":[{"id":1313,"href":"https:\/\/kapelanatruc.cz\/index.php?rest_route=\/wp\/v2\/pages\/104\/revisions\/1313"}],"wp:attachment":[{"href":"https:\/\/kapelanatruc.cz\/index.php?rest_route=%2Fwp%2Fv2%2Fmedia&parent=104"}],"curies":[{"name":"wp","href":"https:\/\/api.w.org\/{rel}","templated":true}]}}