{"id":102,"date":"2011-01-28T17:03:11","date_gmt":"2011-01-28T16:03:11","guid":{"rendered":"http:\/\/kapelanatruc.cz\/?page_id=102"},"modified":"2022-10-01T12:47:18","modified_gmt":"2022-10-01T11:47:18","slug":"repertoar","status":"publish","type":"page","link":"https:\/\/kapelanatruc.cz\/?page_id=102","title":{"rendered":"Reperto\u00e1r"},"content":{"rendered":"<p><strong>Reperto\u00e1r<\/strong><\/p>\n<p>Reperto\u00e1r na\u0161\u00ed kapely se skl\u00e1d\u00e1 z\u00a0\u010desk\u00fdch i zahrani\u010dn\u00edch skladeb v\u0161ech mo\u017en\u00fdch interpret\u016f a \u017e\u00e1nr\u016f. Pokud byste se cht\u011bli sezn\u00e1mit s reperto\u00e1rem podrobn\u011bji, napi\u0161te n\u00e1m e-mail a my V\u00e1m obratem po\u0161leme n\u00e1\u0161 playlist v\u00a0pln\u00e9 podob\u011b.<br \/>\nPro p\u0159edstavu n\u00ed\u017ee naleznete p\u00e1r uk\u00e1zek na\u0161\u00ed produkce. Upozor\u0148ujeme, \u017ee v\u0161echny nahr\u00e1vky jsou po\u0159\u00edzen\u00e9 \u017eiv\u011b b\u011bhem n\u011bkter\u00e9 z\u00a0na\u0161ich produkc\u00ed.<\/p>\n<hr \/>\n<p><strong><span style=\"text-decoration: underline;\">Autumn Leaves<\/span> &#8211; Josepha Kosma<\/strong><\/p>\n<!--[if lt IE 9]><script>document.createElement('audio');<\/script><![endif]-->\n<audio class=\"wp-audio-shortcode\" id=\"audio-102-1\" preload=\"none\" style=\"width: 100%;\" controls=\"controls\"><source type=\"audio\/mpeg\" src=\"http:\/\/kapelanatruc.cz\/wp-content\/uploads\/autumn.mp3?_=1\" \/><a href=\"http:\/\/kapelanatruc.cz\/wp-content\/uploads\/autumn.mp3\">http:\/\/kapelanatruc.cz\/wp-content\/uploads\/autumn.mp3<\/a><\/audio>\n<hr \/>\n<p><strong><span style=\"text-decoration: underline;\">Honey, Honey<\/span> &#8211; ABBA<\/strong><\/p>\n<audio class=\"wp-audio-shortcode\" id=\"audio-102-2\" preload=\"none\" style=\"width: 100%;\" controls=\"controls\"><source type=\"audio\/mpeg\" src=\"http:\/\/kapelanatruc.cz\/wp-content\/uploads\/Honey-Honey.mp3?_=2\" \/><a href=\"http:\/\/kapelanatruc.cz\/wp-content\/uploads\/Honey-Honey.mp3\">http:\/\/kapelanatruc.cz\/wp-content\/uploads\/Honey-Honey.mp3<\/a><\/audio>\n<hr \/>\n<p><strong><span style=\"text-decoration: underline;\">Nejkrat\u0161\u00ed cesta<\/span> &#8211; Sto zv\u00ed\u0159at<\/strong><\/p>\n<audio class=\"wp-audio-shortcode\" id=\"audio-102-3\" preload=\"none\" style=\"width: 100%;\" controls=\"controls\"><source type=\"audio\/mpeg\" src=\"http:\/\/kapelanatruc.cz\/wp-content\/uploads\/Nejkrat\u0161\u00ed-cesta.mp3?_=3\" \/><a href=\"http:\/\/kapelanatruc.cz\/wp-content\/uploads\/Nejkrat\u0161\u00ed-cesta.mp3\">http:\/\/kapelanatruc.cz\/wp-content\/uploads\/Nejkrat\u0161\u00ed-cesta.mp3<\/a><\/audio>\n<hr \/>\n<p><strong><span style=\"text-decoration: underline;\">\u0160koda l\u00e1sky<\/span> &#8211; Jarom\u00edr Vejvoda<\/strong><\/p>\n<audio class=\"wp-audio-shortcode\" id=\"audio-102-4\" preload=\"none\" style=\"width: 100%;\" controls=\"controls\"><source type=\"audio\/mpeg\" src=\"http:\/\/kapelanatruc.cz\/wp-content\/uploads\/\u0160koda-l\u00e1sky.mp3?_=4\" \/><a href=\"http:\/\/kapelanatruc.cz\/wp-content\/uploads\/\u0160koda-l\u00e1sky.mp3\">http:\/\/kapelanatruc.cz\/wp-content\/uploads\/\u0160koda-l\u00e1sky.mp3<\/a><\/audio>\n<hr \/>\n","protected":false},"excerpt":{"rendered":"<p>Reperto\u00e1r Reperto\u00e1r na\u0161\u00ed kapely se skl\u00e1d\u00e1 z\u00a0\u010desk\u00fdch i zahrani\u010dn\u00edch skladeb v\u0161ech mo\u017en\u00fdch interpret\u016f a \u017e\u00e1nr\u016f. Pokud byste se cht\u011bli sezn\u00e1mit s reperto\u00e1rem podrobn\u011bji, napi\u0161te n\u00e1m e-mail a my V\u00e1m obratem po\u0161leme n\u00e1\u0161 playlist v\u00a0pln\u00e9 podob\u011b. Pro p\u0159edstavu n\u00ed\u017ee naleznete p\u00e1r uk\u00e1zek na\u0161\u00ed produkce. Upozor\u0148ujeme, \u017ee v\u0161echny nahr\u00e1vky jsou po\u0159\u00edzen\u00e9 \u017eiv\u011b b\u011bhem n\u011bkter\u00e9 z\u00a0na\u0161ich produkc\u00ed. Autumn [&hellip;]<\/p>\n","protected":false},"author":1,"featured_media":0,"parent":2,"menu_order":0,"comment_status":"closed","ping_status":"closed","template":"","meta":[],"_links":{"self":[{"href":"https:\/\/kapelanatruc.cz\/index.php?rest_route=\/wp\/v2\/pages\/102"}],"collection":[{"href":"https:\/\/kapelanatruc.cz\/index.php?rest_route=\/wp\/v2\/pages"}],"about":[{"href":"https:\/\/kapelanatruc.cz\/index.php?rest_route=\/wp\/v2\/types\/page"}],"author":[{"embeddable":true,"href":"https:\/\/kapelanatruc.cz\/index.php?rest_route=\/wp\/v2\/users\/1"}],"replies":[{"embeddable":true,"href":"https:\/\/kapelanatruc.cz\/index.php?rest_route=%2Fwp%2Fv2%2Fcomments&post=102"}],"version-history":[{"count":18,"href":"https:\/\/kapelanatruc.cz\/index.php?rest_route=\/wp\/v2\/pages\/102\/revisions"}],"predecessor-version":[{"id":1208,"href":"https:\/\/kapelanatruc.cz\/index.php?rest_route=\/wp\/v2\/pages\/102\/revisions\/1208"}],"up":[{"embeddable":true,"href":"https:\/\/kapelanatruc.cz\/index.php?rest_route=\/wp\/v2\/pages\/2"}],"wp:attachment":[{"href":"https:\/\/kapelanatruc.cz\/index.php?rest_route=%2Fwp%2Fv2%2Fmedia&parent=102"}],"curies":[{"name":"wp","href":"https:\/\/api.w.org\/{rel}","templated":true}]}}